{"id":47,"date":"2018-07-30T23:07:29","date_gmt":"2018-07-30T23:07:29","guid":{"rendered":"https:\/\/www.seguros-tractor.es\/blog\/?page_id=47"},"modified":"2018-08-23T12:37:28","modified_gmt":"2018-08-23T12:37:28","slug":"reglamento-general-de-proteccion-de-datos","status":"publish","type":"page","link":"https:\/\/www.seguros-tractor.es\/blog\/reglamento-general-de-proteccion-de-datos\/","title":{"rendered":"Reglamento General de Protecci\u00f3n de Datos"},"content":{"rendered":"<p>&nbsp;<\/p>\n<p><strong>Se informa al Cliente de que los datos que facilite a traves de los siguientes medios ser\u00e1n objeto del siguiente tratamiento:<\/strong><\/p>\n<p>\u2022 Un comparador de seguros, en \u2018condiciones particulares del servicio\u2019, se le informar\u00e1 de toda la normativa aplicable a este servicio.<\/p>\n<p>\u2022 Mediante un formulario de petici\u00f3n de datos, donde encontrar\u00e1 la correspondiente cl\u00e1usula de informaci\u00f3n y de recogida del consentimiento que ser\u00e1 imprescindible aceptar para que se produzca el env\u00edo de la informaci\u00f3n a la Corredur\u00eda<\/p>\n<p>\u2022 Tel\u00e9fonos de contacto 917 567 108 \/ 912 916 100 \/ 644 325 160 donde el usuario acepta las presentes Clausulas Legales y RGPD, para entregar datos personales y poder optar a recibir presupuestos de seguros.<\/p>\n<p><strong>Identidad de los responsables:<\/strong><\/p>\n<p>1\u00ba.- PROYECTOS Y SEGUROS Corredur\u00eda de Seguros, S.A.<\/p>\n<p>2\u00ba.- Propietario del portal E.R.R.<\/p>\n<p><strong>Finalidad del tratamiento<\/strong><\/p>\n<p>La completa ejecuci\u00f3n del contrato de intermediaci\u00f3n del seguro y, en particular, el mantenimiento de la relaci\u00f3n establecida entre la Corredur\u00eda y el Cliente, el asesoramiento e informaci\u00f3n sobre las condiciones de los contratos de seguros y productos financieros, la asistencia en caso de siniestro y el env\u00edo de comunicaciones comerciales sobre productos de seguro intermediados por la Corredur\u00eda.<\/p>\n<p><strong>Derechos como titular de los datos<\/strong><\/p>\n<p>Puede ejercer sus derechos de acceso, rectificaci\u00f3n, oposici\u00f3n, limitaci\u00f3n del tratamiento, supresi\u00f3n y portabilidad de sus datos dirigi\u00e9ndose al Servicio de Atenci\u00f3n al Cliente de la Corredur\u00eda de Seguros lopd@proyectosyseguros.com y a info@seguros-generales.es<\/p>\n<p><strong>Base jur\u00eddica del tratamiento<\/strong><\/p>\n<p>Consentimiento para la contrataci\u00f3n e inter\u00e9s leg\u00edtimo del responsable para la remisi\u00f3n de informaci\u00f3n comercial Puede consultar la informaci\u00f3n adicional y detallada sobre protecci\u00f3n de datos de la Corredur\u00eda en el enlace http:\/\/www.proyectosyseguros.com\/protecciondedatos\/<\/p>\n<p><strong>Protecci\u00f3n de datos<\/strong><\/p>\n<p>De conformidad con lo establecido en el Reglamento (UE) 2016\/679, del Parlamento Europeo y del Consejo, de 27 de abril de 2016, relativo a la protecci\u00f3n de las personas f\u00edsicas en lo que respecta al tratamiento de datos personales y a la libre circulaci\u00f3n de estos datos, as\u00ed como en la Ley 26\/2006, de 17 de julio, de mediaci\u00f3n de seguros y reaseguros privados, se informa al Cliente de que los datos de car\u00e1cter personal ser\u00e1n objeto de tratamiento en el sentido dispuesto en el art\u00edculo 4.2 del citado Reglamento. Los responsables de dicho tratamiento son:<\/p>\n<p>1.- PROYECTOS Y SEGUROS Corredur\u00eda de Seguros, S.A., provista de CIF A78097177, con domicilio social en la calle Badajoz n\u00famero 35, CP: 28931 M\u00f3stoles, Madrid. El Cliente puede contactar con el Servicio de Atenci\u00f3n al Cliente del responsable a trav\u00e9s del tel\u00e9fono gratuito 900 81 85 04, o a trav\u00e9s del correo electr\u00f3nico: info@proyectosyseguros.com<\/p>\n<p>2.- Fichero de titularidad E.R.R., con CIF 45569552C y domicilio social en calle Ram\u00f3n Gallud 110 4-A, CP 03182 de Torrevieja, el Cliente puede contactar con el Servicio de Atenci\u00f3n al Cliente del responsable a trav\u00e9s del correo electr\u00f3nico: info@seguros-generales.es o en los tel\u00e9fonos 912 916 100 \/ 644 325 160<\/p>\n<p><strong>PROYECTOS Y SEGUROS Corredur\u00eda de Seguros, S.A<\/strong><\/p>\n<p>Con objeto de preservar la privacidad de los datos personales de los clientes y de garantizar un adecuado tratamiento de los mismos, el Cliente puede contactar con el departamento de atenci\u00f3n al cliente en relaci\u00f3n a cualquier asunto relativo a la privacidad en el tratamiento de sus datos a trav\u00e9s de su correo electr\u00f3nico: calidad@proyectosyseguros.com<\/p>\n<p>La Corredur\u00eda de seguros trata la informaci\u00f3n de los clientes para gestionar el contrato de seguro que le sea solicitado y, en particular, para el mantenimiento de la relaci\u00f3n establecida entre la Corredur\u00eda y el Cliente, el asesoramiento e informaci\u00f3n en la contrataci\u00f3n y durante la vigencia de los contratos de seguro, para la asistencia en caso de siniestro, todo lo cual legitima el tratamiento de conformidad con lo dispuesto en el art\u00edculo 6.1.b) del RGPD.<\/p>\n<p>Por otra parte, la Corredur\u00eda de seguros tratar\u00e1 datos personales del Cliente para el env\u00edo de comunicaciones comerciales sobre productos de seguros intermediados por la Corredur\u00eda a cuyo efecto la Corredur\u00eda est\u00e1 legitimada para el tratamiento de los datos con dicha finalidad sobre la base del inter\u00e9s leg\u00edtimo. No obstante, el Cliente puede en cualquier momento oponerse a este tipo de tratamiento, sin que en ning\u00fan caso esta oposici\u00f3n limite la ejecuci\u00f3n del contrato principal.<\/p>\n<p>Se informa al Cliente de que los datos personales que facilite a la Corredur\u00eda ser\u00e1n conservados mientras subsista la finalidad para la cual fueron recabados y hasta el vencimiento de los plazos de prescripci\u00f3n de las acciones que pudieran derivarse del cumplimiento del contrato, incluso despu\u00e9s de haber sido resuelto el contrato de seguro, siendo bloqueados cuando hayan dejado de ser pertinentes para el cumplimiento de dicha finalidad.<\/p>\n<p>Asimismo, cuando la supresi\u00f3n derive del ejercicio del derecho de oposici\u00f3n con arreglo al art\u00edculo 21.2 del Reglamento (UE) 2016\/679, el responsable podr\u00e1 conservar los datos identificativos del afectado necesarios con el fin de impedir tratamientos futuros para fines de mercadotecnia directa.<\/p>\n<p>El Cliente queda informado de que la no aportaci\u00f3n de la informaci\u00f3n requerida supone la imposibilidad de suscripci\u00f3n del contrato de intermediaci\u00f3n.<\/p>\n<p>De conformidad con lo establecido en el art\u00edculo 99.1 de la Ley 20\/2015, de 14 de julio, de ordenaci\u00f3n, supervisi\u00f3n y solvencia de las entidades aseguradoras y reaseguradoras, la Corredur\u00eda podr\u00e1 ceder los datos de car\u00e1cter personal del Cliente a la compa\u00f1\u00eda aseguradora, a los solos efectos de garantizar el pleno desenvolvimiento del contrato de seguro y el cumplimiento de las obligaciones establecidas en dicha Ley y en sus disposiciones de desarrollo.<\/p>\n<p>El Cliente tendr\u00e1 derecho a retirar su consentimiento en cualquier momento, siempre y cuando el tratamiento no sea necesario para el cumplimiento del contrato. La retirada del consentimiento no afectar\u00e1 a la licitud del tratamiento basada en el consentimiento previo a su retirada.<\/p>\n<p>El Cliente puede ejercer su derecho de acceso, rectificaci\u00f3n, supresi\u00f3n, limitaci\u00f3n en el tratamiento, oposici\u00f3n y portabilidad de los datos a trav\u00e9s del Servicio de Atenci\u00f3n al Cliente: lopd@proyectosyseguros.com<\/p>\n<p>En caso de no quedar satisfecho en el ejercicio de sus derechos, el Cliente puede presentar una reclamaci\u00f3n mediante el env\u00edo de un correo electr\u00f3nico a la siguiente direcci\u00f3n: calidad@proyectosyseguros.com<\/p>\n<p>En \u00faltima instancia, puede solicitar informaci\u00f3n sobre sus derechos y presentar una reclamaci\u00f3n ante la Agencia Espa\u00f1ola de Protecci\u00f3n de Datos, con domicilio en la calle Jorge Juan, n\u00ba 6, 28001 Madrid.<\/p>\n<p><strong>Propietario del portal E.R.R.<\/strong><\/p>\n<p>Con objeto de preservar la privacidad de los datos personales de los clientes y de garantizar un adecuado tratamiento de los mismos, el Cliente puede contactar con el departamento de atenci\u00f3n al cliente en relaci\u00f3n a cualquier asunto relativo a la privacidad en el tratamiento de sus datos a trav\u00e9s de su correo electr\u00f3nico: info@seguros-generales.es \/ 912 916 100 \/ 644 325 160<\/p>\n<p>El Propietario del Portal tratar\u00e1 datos personales del Cliente para el env\u00edo de comunicaciones comerciales sobre productos relativos a seguros, en los cuales el cliente ya mostro relativo inter\u00e9s al insertar sus datos en el portal.<\/p>\n<p>Asimismo, cuando la supresi\u00f3n derive del ejercicio del derecho de oposici\u00f3n con arreglo al art\u00edculo 21.2 del Reglamento (UE) 2016\/679, el responsable podr\u00e1 conservar los datos identificativos del afectado necesarios con el fin de impedir tratamientos futuros para fines de mercadotecnia directa.<\/p>\n<p>El Cliente queda informado de que la no aportaci\u00f3n de la informaci\u00f3n requerida supone la imposibilidad de suscripci\u00f3n del contrato de intermediaci\u00f3n.<\/p>\n<p>El Cliente puede ejercer su derecho de acceso, rectificaci\u00f3n, supresi\u00f3n, limitaci\u00f3n en el tratamiento, oposici\u00f3n y portabilidad de los datos a trav\u00e9s del Servicio de Atenci\u00f3n al Cliente: info@seguros-generales.es o en los tel\u00e9fonos 912 916 100 \/ 644 325 160.<\/p>\n<p>&nbsp;<\/p>\n","protected":false},"excerpt":{"rendered":"<p>&nbsp; Se informa al Cliente de que los datos que facilite a traves de los siguientes medios ser\u00e1n objeto del siguiente tratamiento: \u2022 Un comparador de seguros, en \u2018condiciones particulares del servicio\u2019, se le informar\u00e1 de toda la normativa aplicable a este servicio. \u2022 Mediante un formulario de petici\u00f3n de datos, donde encontrar\u00e1 la correspondiente [&hellip;]<\/p>\n","protected":false},"author":1,"featured_media":0,"parent":0,"menu_order":0,"comment_status":"closed","ping_status":"closed","template":"","meta":{"_et_pb_use_builder":"","_et_pb_old_content":"","_et_gb_content_width":"","footnotes":""},"class_list":["post-47","page","type-page","status-publish","hentry"],"_links":{"self":[{"href":"https:\/\/www.seguros-tractor.es\/blog\/wp-json\/wp\/v2\/pages\/47","targetHints":{"allow":["GET"]}}],"collection":[{"href":"https:\/\/www.seguros-tractor.es\/blog\/wp-json\/wp\/v2\/pages"}],"about":[{"href":"https:\/\/www.seguros-tractor.es\/blog\/wp-json\/wp\/v2\/types\/page"}],"author":[{"embeddable":true,"href":"https:\/\/www.seguros-tractor.es\/blog\/wp-json\/wp\/v2\/users\/1"}],"replies":[{"embeddable":true,"href":"https:\/\/www.seguros-tractor.es\/blog\/wp-json\/wp\/v2\/comments?post=47"}],"version-history":[{"count":0,"href":"https:\/\/www.seguros-tractor.es\/blog\/wp-json\/wp\/v2\/pages\/47\/revisions"}],"wp:attachment":[{"href":"https:\/\/www.seguros-tractor.es\/blog\/wp-json\/wp\/v2\/media?parent=47"}],"curies":[{"name":"wp","href":"https:\/\/api.w.org\/{rel}","templated":true}]}}